{"id":532,"date":"2017-07-20T15:49:26","date_gmt":"2017-07-20T19:49:26","guid":{"rendered":"http:\/\/www.lacstvictor.com\/medias\/"},"modified":"2017-07-25T13:41:48","modified_gmt":"2017-07-25T17:41:48","slug":"medias","status":"publish","type":"page","link":"https:\/\/lacstvictor.com\/en\/medias\/","title":{"rendered":"Medias"},"content":{"rendered":"<div class=\"wpb-content-wrapper\"><p>[vc_row css=&#8221;.vc_custom_1500410093762{margin-top: 0px !important;padding-top: 0px !important;}&#8221;][vc_column][vc_custom_heading text=&#8221;LA PRESSE,<br \/>\nNOVEMBRE 2016&#8243; font_container=&#8221;tag:h3|text_align:left&#8221; use_theme_fonts=&#8221;yes&#8221;][vc_column_text]<strong>La H\u00e9ronni\u00e8re : atteindre l\u2019\u00e9quilibre<\/strong><\/p>\n<p>\u201cApr\u00e8s une longue route, L\u2019H\u00e9ronni\u00e8re appara\u00eet au d\u00e9tour d\u2019une courbe, avant de se laisser d\u00e9couvrir progressivement. Bien cal\u00e9e dans le paysage accident\u00e9 des BassesLaurentides o\u00f9 elle s\u2019est install\u00e9e, la r\u00e9sidence semble avoir atteint un \u00e9quilibre id\u00e9al\u201d<\/p>\n<p><a href=\"https:\/\/www.lacstvictor.com\/wp-content\/uploads\/2017\/07\/lapresse_19_11_2016.pdf\" target=\"_blank\" rel=\"noopener\">Read the article<\/a>[\/vc_column_text][vc_separator][\/vc_column][\/vc_row][vc_row css=&#8221;.vc_custom_1500410093762{margin-top: 0px !important;padding-top: 0px !important;}&#8221;][vc_column][vc_custom_heading text=&#8221;ACC\u00c8S,<br \/>\nOCTOBRE 2016&#8243; font_container=&#8221;tag:h3|text_align:left&#8221; use_theme_fonts=&#8221;yes&#8221;][vc_column_text]<strong>Heureuse rencontre entre nature et contemporain<\/strong><\/p>\n<p>\u201cParsem\u00e9 de lacs de t\u00eate propres et limpides et offrant un environnement non-motoris\u00e9, le projet propose \u00e9galement un parcours de sentiers quatre saisons reli\u00e9 \u00e0 de multiples r\u00e9seaux de sentiers de la r\u00e9gion, des chemins priv\u00e9s et un r\u00e9seau Internet haute vitesse.\u201d<\/p>\n<p><a href=\"https:\/\/www.lacstvictor.com\/wp-content\/uploads\/2017\/07\/acces_26_octobre_2016.pdf\" target=\"_blank\" rel=\"noopener\">Read the article<\/a>[\/vc_column_text][vc_separator][\/vc_column][\/vc_row][vc_row css=&#8221;.vc_custom_1500410093762{margin-top: 0px !important;padding-top: 0px !important;}&#8221;][vc_column][vc_custom_heading text=&#8221;PAYS D&#8217;EN HAUT\/LA VALL\u00c9E,<br \/>\nOCTOBRE 2013&#8243; font_container=&#8221;tag:h3|text_align:left&#8221; use_theme_fonts=&#8221;yes&#8221;][vc_column_text]<strong>Wentworth-Nord inaugure de nouveaux sentiers<\/strong><\/p>\n<p>\u201cLes amateurs de plein air ont de nouveaux sentiers \u00e0 d\u00e9couvrir du c\u00f4t\u00e9 de Wentworth-Nord. Cette municipalit\u00e9 vient d&#8217;inaugurer un r\u00e9seau de sentiers autour du lac Saint-Fran\u00e7ois-Xavier.\u201d<\/p>\n<p><a href=\"https:\/\/www.lacstvictor.com\/wp-content\/uploads\/2017\/07\/paysenhaut_oct13.pdf\" target=\"_blank\" rel=\"noopener\">Read the article<\/a>[\/vc_column_text][vc_separator][\/vc_column][\/vc_row][vc_row css=&#8221;.vc_custom_1500410093762{margin-top: 0px !important;padding-top: 0px !important;}&#8221;][vc_column][vc_custom_heading text=&#8221;JOURNAL ACCES,<br \/>\nOCTOBRE 2013&#8243; font_container=&#8221;tag:h3|text_align:left&#8221; use_theme_fonts=&#8221;yes&#8221;][vc_column_text]<strong>Construction d&#8217;une \u00e9chelle \u00e0 poissons<\/strong><\/p>\n<p>\u201cLa firme de consultants en environnement BIOFILIA a fait un bilan positif suite \u00e0 la construction d&#8217;une \u00e9chelle \u00e0 poisson \u00e0 Wenworth-Nord dans les Laurentides cet \u00e9t\u00e9.\u201d<\/p>\n<p><a href=\"https:\/\/www.lacstvictor.com\/wp-content\/uploads\/2017\/07\/acces_oct13.pdf\" target=\"_blank\" rel=\"noopener\">Read the article<\/a>[\/vc_column_text][vc_separator][\/vc_column][\/vc_row][vc_row css=&#8221;.vc_custom_1500410093762{margin-top: 0px !important;padding-top: 0px !important;}&#8221;][vc_column][vc_custom_heading text=&#8221;LE JOURNAL DE MONTREAL,<br \/>\nJUILLET 2002&#8243; font_container=&#8221;tag:h3|text_align:left&#8221; use_theme_fonts=&#8221;yes&#8221;][vc_column_text]<strong>Le Corridor aerobique au coeur des Laurentides<\/strong><\/p>\n<p>\u201cLe Corridor aerobique? C&#8217;est quoi ca?, disent spontanement ceux a qui on parle de cette piste cyclable de 60 km, reliant Morin Heights a Saint-Remi-d&#8217;Amherst, a l&#8217;ouest de Mont-Tremblant. Comme si dans les Laurentides, il n&#8217;y avait que le Parc lineaire Le P&#8217;tit Train du Nord pour pedaler.\u201d<\/p>\n<p><a href=\"https:\/\/www.lacstvictor.com\/wp-content\/uploads\/2017\/07\/JdeM_juil_2002.pdf\" target=\"_blank\" rel=\"noopener\">Read the article<\/a>[\/vc_column_text][vc_separator][\/vc_column][\/vc_row][vc_row css=&#8221;.vc_custom_1500410093762{margin-top: 0px !important;padding-top: 0px !important;}&#8221;][vc_column][vc_custom_heading text=&#8221;OTTAWA CITIZEN,<br \/>\nOCTOBRE 2001&#8243; font_container=&#8221;tag:h3|text_align:left&#8221; use_theme_fonts=&#8221;yes&#8221;][vc_column_text]<strong>Wilderness Retreat<\/strong><\/p>\n<p>Lac St-Victor in the Laurentians bans motors, promotes nature<br \/>\nA couple of hours from Ottawa lies a rare jewel of nature owned by a dreamer-developer committed to maintaining its wilderness beauty.<\/p>\n<p><a href=\"https:\/\/www.lacstvictor.com\/wp-content\/uploads\/2017\/07\/citi_oct_2001.jpg\" target=\"_blank\" rel=\"noopener\">Read the article<\/a>[\/vc_column_text][vc_separator][\/vc_column][\/vc_row][vc_row css=&#8221;.vc_custom_1500410093762{margin-top: 0px !important;padding-top: 0px !important;}&#8221;][vc_column][vc_custom_heading text=&#8221;MONTREAL GAZETTE,<br \/>\nAO\u00dbT 2001&#8243; font_container=&#8221;tag:h3|text_align:left&#8221; use_theme_fonts=&#8221;yes&#8221;][vc_column_text]<strong>The Cautious Development of a Laurentian Lake<\/strong><\/p>\n<p>\u201c..the irony of many cottage areas is that they have become almost as noisy and polluted as the urban environments cottagers seek to escape\u2026 Other bylaws will prohibit the use of morized watercraft and seaplanes and create strict regulations for the location of septic tanks. Moreover, cottagers will not be permitted to cut downtrees in order to create expanses of lawn around their homes.\u201d<\/p>\n<p><a href=\"https:\/\/www.lacstvictor.com\/wp-content\/uploads\/2017\/07\/gazette_aug_2001_.pdf\" target=\"_blank\" rel=\"noopener\">Read the article<\/a>[\/vc_column_text][vc_separator][\/vc_column][\/vc_row][vc_row css=&#8221;.vc_custom_1500410093762{margin-top: 0px !important;padding-top: 0px !important;}&#8221;][vc_column][vc_custom_heading text=&#8221;MONTREAL BUSINESS MAGAZINE,<br \/>\nMARS 2001&#8243; font_container=&#8221;tag:h3|text_align:left&#8221; use_theme_fonts=&#8221;yes&#8221;][vc_column_text]<strong>Un Domaine d\u00e9di\u00e9 \u00e0 la Nature<\/strong><\/p>\n<p>\u201cL\u2019id\u00e9e consiste \u00e0 adopter une strat\u00e9gie de d\u00e9veloppement compl\u00e8tement oppos\u00e9e \u00e0 celle du d\u00e9veloppement effr\u00e9n\u00e9 que les Laurentides ont connu jusqu\u2019ici\u2026 Les r\u00e9sidents doivent ressentir l\u2019impression d\u2019avoir laiss\u00e9 Montr\u00e9al \u00e0 des heures derri\u00e8re eux, comme s\u2019ils avaient gagn\u00e9 les territoires du Grand Nord par hydravion, puis voyag\u00e9 en cano\u00eb avec tout leur mat\u00e9riel jusque dans les contr\u00e9es sauvages parmi les huards, les cerfs et les orignaux.\u201d<\/p>\n<p><a href=\"https:\/\/www.lacstvictor.com\/wp-content\/uploads\/2017\/07\/f_buss_march_2001.pdf\" target=\"_blank\" rel=\"noopener\">Read the article<\/a>[\/vc_column_text][\/vc_column][\/vc_row]<\/p>\n<\/div>","protected":false},"excerpt":{"rendered":"<p>[vc_row css=&#8221;.vc_custom_1500410093762{margin-top: 0px !important;padding-top: 0px !important;}&#8221;][vc_column][vc_custom_heading text=&#8221;LA PRESSE, NOVEMBRE 2016&#8243; font_container=&#8221;tag:h3|text_align:left&#8221; use_theme_fonts=&#8221;yes&#8221;][vc_column_text]La H\u00e9ronni\u00e8re : atteindre l\u2019\u00e9quilibre \u201cApr\u00e8s une longue route, L\u2019H\u00e9ronni\u00e8re appara\u00eet au d\u00e9tour d\u2019une courbe, avant de se laisser d\u00e9couvrir progressivement. Bien cal\u00e9e dans le paysage accident\u00e9 des BassesLaurentides o\u00f9 elle s\u2019est install\u00e9e, la r\u00e9sidence semble avoir atteint un \u00e9quilibre id\u00e9al\u201d Read the article[\/vc_column_text][vc_separator][\/vc_column][\/vc_row][vc_row &hellip; <\/p>\n<p class=\"link-more\"><a href=\"https:\/\/lacstvictor.com\/en\/medias\/\" class=\"more-link\">Continue reading<span class=\"screen-reader-text\"> &#8220;Medias&#8221;<\/span><\/a><\/p>\n","protected":false},"author":1,"featured_media":0,"parent":0,"menu_order":0,"comment_status":"closed","ping_status":"closed","template":"","meta":{"footnotes":""},"class_list":["post-532","page","type-page","status-publish","hentry"],"_links":{"self":[{"href":"https:\/\/lacstvictor.com\/en\/wp-json\/wp\/v2\/pages\/532","targetHints":{"allow":["GET"]}}],"collection":[{"href":"https:\/\/lacstvictor.com\/en\/wp-json\/wp\/v2\/pages"}],"about":[{"href":"https:\/\/lacstvictor.com\/en\/wp-json\/wp\/v2\/types\/page"}],"author":[{"embeddable":true,"href":"https:\/\/lacstvictor.com\/en\/wp-json\/wp\/v2\/users\/1"}],"replies":[{"embeddable":true,"href":"https:\/\/lacstvictor.com\/en\/wp-json\/wp\/v2\/comments?post=532"}],"version-history":[{"count":2,"href":"https:\/\/lacstvictor.com\/en\/wp-json\/wp\/v2\/pages\/532\/revisions"}],"predecessor-version":[{"id":534,"href":"https:\/\/lacstvictor.com\/en\/wp-json\/wp\/v2\/pages\/532\/revisions\/534"}],"wp:attachment":[{"href":"https:\/\/lacstvictor.com\/en\/wp-json\/wp\/v2\/media?parent=532"}],"curies":[{"name":"wp","href":"https:\/\/api.w.org\/{rel}","templated":true}]}}